{"id":54,"date":"2019-01-14T22:14:46","date_gmt":"2019-01-14T21:14:46","guid":{"rendered":"http:\/\/homeswimhome.fr\/?page_id=54"},"modified":"2026-03-17T09:13:27","modified_gmt":"2026-03-17T08:13:27","slug":"cours-de-natation","status":"publish","type":"page","link":"https:\/\/homeswimhome.fr\/","title":{"rendered":"Le\u00e7ons de natation"},"content":{"rendered":"\n<figure class=\"wp-block-gallery alignwide columns-3 is-cropped\"><ul class=\"blocks-gallery-grid\"><li class=\"blocks-gallery-item\"><figure><img loading=\"lazy\" width=\"1024\" height=\"768\" src=\"https:\/\/homeswimhome.fr\/wp-content\/uploads\/2026\/03\/Design-sans-titre-6.png\" alt=\"\" data-id=\"1406\" data-full-url=\"https:\/\/homeswimhome.fr\/wp-content\/uploads\/2026\/03\/Design-sans-titre-6.png\" data-link=\"https:\/\/homeswimhome.fr\/index.php\/cours-de-natation\/design-sans-titre-6\/\" class=\"wp-image-1406\" srcset=\"https:\/\/homeswimhome.fr\/wp-content\/uploads\/2026\/03\/Design-sans-titre-6.png 1024w, https:\/\/homeswimhome.fr\/wp-content\/uploads\/2026\/03\/Design-sans-titre-6-300x225.png 300w, https:\/\/homeswimhome.fr\/wp-content\/uploads\/2026\/03\/Design-sans-titre-6-768x576.png 768w\" sizes=\"(max-width: 1024px) 100vw, 1024px\" \/><\/figure><\/li><li class=\"blocks-gallery-item\"><figure><img loading=\"lazy\" width=\"1024\" height=\"768\" src=\"https:\/\/homeswimhome.fr\/wp-content\/uploads\/2026\/03\/Design-sans-titre-5.png\" alt=\"\" data-id=\"1405\" data-full-url=\"https:\/\/homeswimhome.fr\/wp-content\/uploads\/2026\/03\/Design-sans-titre-5.png\" data-link=\"https:\/\/homeswimhome.fr\/index.php\/cours-de-natation\/design-sans-titre-5\/\" class=\"wp-image-1405\" srcset=\"https:\/\/homeswimhome.fr\/wp-content\/uploads\/2026\/03\/Design-sans-titre-5.png 1024w, https:\/\/homeswimhome.fr\/wp-content\/uploads\/2026\/03\/Design-sans-titre-5-300x225.png 300w, https:\/\/homeswimhome.fr\/wp-content\/uploads\/2026\/03\/Design-sans-titre-5-768x576.png 768w\" sizes=\"(max-width: 1024px) 100vw, 1024px\" \/><\/figure><\/li><li class=\"blocks-gallery-item\"><figure><img loading=\"lazy\" width=\"1024\" height=\"768\" src=\"https:\/\/homeswimhome.fr\/wp-content\/uploads\/2026\/03\/Design-sans-titre-7.png\" alt=\"\" data-id=\"1407\" data-full-url=\"https:\/\/homeswimhome.fr\/wp-content\/uploads\/2026\/03\/Design-sans-titre-7.png\" data-link=\"https:\/\/homeswimhome.fr\/index.php\/cours-de-natation\/design-sans-titre-7\/\" class=\"wp-image-1407\" srcset=\"https:\/\/homeswimhome.fr\/wp-content\/uploads\/2026\/03\/Design-sans-titre-7.png 1024w, https:\/\/homeswimhome.fr\/wp-content\/uploads\/2026\/03\/Design-sans-titre-7-300x225.png 300w, https:\/\/homeswimhome.fr\/wp-content\/uploads\/2026\/03\/Design-sans-titre-7-768x576.png 768w\" sizes=\"(max-width: 1024px) 100vw, 1024px\" \/><\/figure><\/li><\/ul><\/figure>\n\n\n\n<p class=\"has-text-align-center has-small-font-size\"><strong>Home Swim Home<\/strong> propose des s\u00e9ances \u00e0 votre domicile d&#8217;<strong>aisance aquatique<\/strong>, d\u2019<strong>apprentissage<\/strong> et de <strong>perfectionnement<\/strong> de la Natation pour les enfants d\u00e8s l\u2019\u00e2ge de 4 ans. Trois prestations sont propos\u00e9es selon l&#8217;\u00e2ge et le niveau des enfants<br><\/p>\n\n\n\n<h3 class=\"has-text-align-center\">AISANCE AQUATIQUE<\/h3>\n\n\n\n<p class=\"has-text-align-center has-small-font-size\"><strong>Objectifs :<\/strong> D\u00e9couvrir l&#8217;environnement, Proposer des situations diverses pour montrer \u00e0 l&#8217;enfant qu&#8217;il flotte, mettre la t\u00eate sous l&#8217;eau et s&#8217;immerger compl\u00e9tement, se d\u00e9placer sur le bord <\/p>\n\n\n\n<p class=\"has-text-align-center has-small-font-size\">Une fois ces comp\u00e9tences acquises l\u2019enfant est en s\u00e9curit\u00e9 lorsqu\u2019il est \u00e0 proximit\u00e9 d\u2019un point d\u2019eau. <\/p>\n\n\n\n<p class=\"has-text-align-center has-small-font-size\"><strong>Public vis\u00e9 :<\/strong> Enfants de 4 \u00e0 5 ans<br><\/p>\n\n\n\n<h3 class=\"has-text-align-center\">APPRENTISSAGE DE LA NATATION :<\/h3>\n\n\n\n<p class=\"has-text-align-center has-small-font-size\"><strong>Objectifs :<\/strong> Acqu\u00e9rir une respiration dans l&#8217;eau, flotter (sur le dos et sur le ventre), se propulser, coordonner ses membres sup\u00e9rieurs et inf\u00e9rieurs<\/p>\n\n\n\n<p class=\"has-text-align-center has-small-font-size\">Une fois ces comp\u00e9tences acquises l&#8217;enfant pourra se d\u00e9placer sur le dos et sur le ventre en toute s\u00e9curit\u00e9. D&#8217;abord sur le dos (dos crawl\u00e9), sur le ventre (crawl et enfin brasse)<\/p>\n\n\n\n<p class=\"has-text-align-center has-small-font-size\"><strong>Public vis\u00e9 :<\/strong> Enfants \u00e0 partir de 5 ans (ou plus jeune mais \u00e0 l\u2019aise dans l\u2019eau)<br><\/p>\n\n\n\n<h3 class=\"has-text-align-center\">PERFECTIONNEMENT<\/h3>\n\n\n\n<p class=\"has-text-align-center has-small-font-size\"><strong>Objectifs :<\/strong> Perfectionner sa technique en dos, brasse et crawl et apprendre de nouvelles nages<\/p>\n\n\n\n<p class=\"has-text-align-center has-small-font-size\">L\u2019enfant sait d\u00e9j\u00e0 nager, l&#8217;objectif est d&#8217;am\u00e9liorer son efficacit\u00e9 pour mieux se d\u00e9placer dans l&#8217;eau.<br><\/p>\n\n\n\n<p class=\"has-text-align-center has-small-font-size\"><strong>Public vis\u00e9 :<\/strong> Enfant qui sait d\u00e9j\u00e0 nager.<br><\/p>\n\n\n\n<h3 class=\"has-text-align-center\">Divers<\/h3>\n\n\n\n<p class=\"has-text-align-center has-small-font-size\"><strong>Les s\u00e9ances durent 30 minutes.<\/strong> C\u2019est la dur\u00e9e id\u00e9ale pour qu\u2019un enfant reste concentr\u00e9 sur les exercices demand\u00e9s par l\u2019\u00e9ducateur. La le\u00e7on demande une d\u00e9pense \u00e9nerg\u00e9tique et mentale importante pour les plus jeunes, c\u2019est pourquoi au del\u00e0, les exercices seront souvent mal r\u00e9alis\u00e9s. De plus certains exercices \u00e9tant statiques, il se peut que l\u2019enfant ait rapidement froid. Chaque enfant ayant suivi un cycle se verra remettre <strong>une m\u00e9daille<\/strong> et une <strong>attestation de participation<\/strong> sous forme d&#8217;un dipl\u00f4me. <\/p>\n\n\n\n<h3 class=\"has-text-align-center\">Tarifs :<\/h3>\n\n\n\n<p class=\"has-text-align-center has-small-font-size\">Quelque soit la prestation, deux formules sont propos\u00e9es \u201c<strong><em>s\u00e9ance \u00e0 l\u2019unit\u00e9<\/em><\/strong>\u201d ou \u201c<em><strong>cycle de 5 s\u00e9ances<\/strong><\/em>\u201c.<\/p>\n\n\n\n<p class=\"has-text-align-center has-small-font-size\"><strong>S\u00e9ance \u00e0 l\u2019unit\u00e9 :<\/strong><\/p>\n\n\n\n<p class=\"has-text-align-center has-small-font-size\">1 enfant* : <strong>70 \u20ac<\/strong> (soit 35\u20ac apr\u00e8s d\u00e9duction fiscale)<\/p>\n\n\n\n<p class=\"has-text-align-center has-small-font-size\">2 enfants (en m\u00eame temps) : <strong>50 \u20ac par enfant<\/strong><\/p>\n\n\n\n<p class=\"has-text-align-center has-small-font-size\">3 enfants (en m\u00eame temps) : <strong>40 \u20ac par enfant<\/strong><\/p>\n\n\n\n<p class=\"has-text-align-center has-small-font-size\"><strong>Cycle de 5 s\u00e9ances :<\/strong><\/p>\n\n\n\n<p class=\"has-text-align-center has-small-font-size\">1 enfant* : <strong>260 \u20ac<\/strong> (soit 130 \u20ac apr\u00e8s d\u00e9duction fiscale)<\/p>\n\n\n\n<p class=\"has-text-align-center has-small-font-size\">2 enfants : <strong>160 \u20ac<\/strong> par enfant<\/p>\n\n\n\n<p class=\"has-text-align-center has-small-font-size\">3 enfants : <strong>135 \u20ac<\/strong> par enfant<\/p>\n\n\n\n<p class=\"has-text-align-center has-small-font-size\">*<strong>Home Swim Home<\/strong> est r\u00e9f\u00e9renc\u00e9 \u201cService \u00e0 la personne\u201d sous le N\u00b0 SAP 848272720. Ce service vous permet de b\u00e9n\u00e9ficier d\u2019un cr\u00e9dit d\u2019imp\u00f4t de 50% du montant factur\u00e9 lors de votre d\u00e9claration d&#8217;imp\u00f4t N+1.<\/p>\n\n\n\n<h4><\/h4>\n\n\n\n<h3 class=\"has-text-align-center\">Renseignements et r\u00e9servation : <\/h3>\n\n\n\n<p class=\"has-text-align-center has-small-font-size\">06 16 79 51 66 \/ <a href=\"mailto:contact@homeswimhome.fr\"> <font color=\"#00a19e\">contact@homeswimhome.fr<\/font> <\/a>\/ instagram : <a href=\"https:\/\/www.instagram.com\/home_swim_home\/\" target=\"_blank\" rel=\"noreferrer noopener\">@home_swim_home<\/a><\/p>\n\n\n\n<p>Ou \u00e0 l\u2019aide du formulaire de demande de renseignements (<a href=\"http:\/\/homeswimhome.fr\/index.php\/renseignements\/\"><font color=\"#00a19e\"> Cliquez ICI <\/font><\/a>)<br><\/p>\n\n\n\n<p><\/p>\n","protected":false},"excerpt":{"rendered":"<p>Home Swim Home propose des s\u00e9ances \u00e0 votre domicile d&#8217;aisance aquatique, d\u2019apprentissage et de perfectionnement de la Natation pour les enfants d\u00e8s l\u2019\u00e2ge de 4 ans. Trois prestations sont propos\u00e9es selon l&#8217;\u00e2ge et le niveau des enfants AISANCE AQUATIQUE Objectifs : D\u00e9couvrir l&#8217;environnement, Proposer des situations diverses pour montrer \u00e0 l&#8217;enfant qu&#8217;il flotte, mettre la &hellip; <a href=\"https:\/\/homeswimhome.fr\/\" class=\"more-link\">Continue reading <span class=\"screen-reader-text\">Le\u00e7ons de natation<\/span><\/a><\/p>\n","protected":false},"author":1,"featured_media":0,"parent":0,"menu_order":0,"comment_status":"closed","ping_status":"closed","template":"","meta":[],"yoast_head":"<!-- This site is optimized with the Yoast SEO plugin v15.9.2 - https:\/\/yoast.com\/wordpress\/plugins\/seo\/ -->\n<title>Le\u00e7ons de natation -<\/title>\n<meta name=\"robots\" content=\"index, follow, max-snippet:-1, max-image-preview:large, max-video-preview:-1\" \/>\n<link rel=\"canonical\" href=\"https:\/\/homeswimhome.fr\/\" \/>\n<meta property=\"og:locale\" content=\"en_US\" \/>\n<meta property=\"og:type\" content=\"article\" \/>\n<meta property=\"og:title\" content=\"Le\u00e7ons de natation -\" \/>\n<meta property=\"og:description\" content=\"Home Swim Home propose des s\u00e9ances \u00e0 votre domicile d&#8217;aisance aquatique, d\u2019apprentissage et de perfectionnement de la Natation pour les enfants d\u00e8s l\u2019\u00e2ge de 4 ans. Trois prestations sont propos\u00e9es selon l&#8217;\u00e2ge et le niveau des enfants AISANCE AQUATIQUE Objectifs : D\u00e9couvrir l&#8217;environnement, Proposer des situations diverses pour montrer \u00e0 l&#8217;enfant qu&#8217;il flotte, mettre la &hellip; Continue reading Le\u00e7ons de natation\" \/>\n<meta property=\"og:url\" content=\"https:\/\/homeswimhome.fr\/\" \/>\n<meta property=\"article:publisher\" content=\"https:\/\/www.facebook.com\/Home-Swim-Home-858633991178128\/\" \/>\n<meta property=\"article:modified_time\" content=\"2026-03-17T08:13:27+00:00\" \/>\n<meta property=\"og:image\" content=\"https:\/\/homeswimhome.fr\/wp-content\/uploads\/2026\/03\/Design-sans-titre-6.png\" \/>\n<meta name=\"twitter:card\" content=\"summary_large_image\" \/>\n<meta name=\"twitter:label1\" content=\"Est. reading time\">\n\t<meta name=\"twitter:data1\" content=\"3 minutes\">\n<script type=\"application\/ld+json\" class=\"yoast-schema-graph\">{\"@context\":\"https:\/\/schema.org\",\"@graph\":[{\"@type\":\"Organization\",\"@id\":\"https:\/\/homeswimhome.fr\/#organization\",\"name\":\"home swim home\",\"url\":\"https:\/\/homeswimhome.fr\/\",\"sameAs\":[\"https:\/\/www.facebook.com\/Home-Swim-Home-858633991178128\/\",\"https:\/\/www.instagram.com\/home_swim_home\/\"],\"logo\":{\"@type\":\"ImageObject\",\"@id\":\"https:\/\/homeswimhome.fr\/#logo\",\"inLanguage\":\"en-US\",\"url\":\"https:\/\/homeswimhome.fr\/wp-content\/uploads\/2019\/03\/logHSH_JPEGPlan-de-travail-1_Plan-de-travail-1-1.jpg\",\"width\":1772,\"height\":1474,\"caption\":\"home swim home\"},\"image\":{\"@id\":\"https:\/\/homeswimhome.fr\/#logo\"}},{\"@type\":\"WebSite\",\"@id\":\"https:\/\/homeswimhome.fr\/#website\",\"url\":\"https:\/\/homeswimhome.fr\/\",\"name\":\"\",\"description\":\"\",\"publisher\":{\"@id\":\"https:\/\/homeswimhome.fr\/#organization\"},\"potentialAction\":[{\"@type\":\"SearchAction\",\"target\":\"https:\/\/homeswimhome.fr\/?s={search_term_string}\",\"query-input\":\"required name=search_term_string\"}],\"inLanguage\":\"en-US\"},{\"@type\":\"ImageObject\",\"@id\":\"https:\/\/homeswimhome.fr\/#primaryimage\",\"inLanguage\":\"en-US\",\"url\":\"https:\/\/homeswimhome.fr\/wp-content\/uploads\/2026\/03\/Design-sans-titre-6.png\",\"width\":1024,\"height\":768},{\"@type\":\"WebPage\",\"@id\":\"https:\/\/homeswimhome.fr\/#webpage\",\"url\":\"https:\/\/homeswimhome.fr\/\",\"name\":\"Le\\u00e7ons de natation -\",\"isPartOf\":{\"@id\":\"https:\/\/homeswimhome.fr\/#website\"},\"primaryImageOfPage\":{\"@id\":\"https:\/\/homeswimhome.fr\/#primaryimage\"},\"datePublished\":\"2019-01-14T21:14:46+00:00\",\"dateModified\":\"2026-03-17T08:13:27+00:00\",\"breadcrumb\":{\"@id\":\"https:\/\/homeswimhome.fr\/#breadcrumb\"},\"inLanguage\":\"en-US\",\"potentialAction\":[{\"@type\":\"ReadAction\",\"target\":[\"https:\/\/homeswimhome.fr\/\"]}]},{\"@type\":\"BreadcrumbList\",\"@id\":\"https:\/\/homeswimhome.fr\/#breadcrumb\",\"itemListElement\":[{\"@type\":\"ListItem\",\"position\":1,\"item\":{\"@type\":\"WebPage\",\"@id\":\"https:\/\/homeswimhome.fr\/\",\"url\":\"https:\/\/homeswimhome.fr\/\",\"name\":\"Home\"}},{\"@type\":\"ListItem\",\"position\":2,\"item\":{\"@type\":\"WebPage\",\"@id\":\"https:\/\/homeswimhome.fr\/\",\"url\":\"https:\/\/homeswimhome.fr\/\",\"name\":\"Le\\u00e7ons de natation\"}}]}]}<\/script>\n<!-- \/ Yoast SEO plugin. -->","_links":{"self":[{"href":"https:\/\/homeswimhome.fr\/index.php\/wp-json\/wp\/v2\/pages\/54"}],"collection":[{"href":"https:\/\/homeswimhome.fr\/index.php\/wp-json\/wp\/v2\/pages"}],"about":[{"href":"https:\/\/homeswimhome.fr\/index.php\/wp-json\/wp\/v2\/types\/page"}],"author":[{"embeddable":true,"href":"https:\/\/homeswimhome.fr\/index.php\/wp-json\/wp\/v2\/users\/1"}],"replies":[{"embeddable":true,"href":"https:\/\/homeswimhome.fr\/index.php\/wp-json\/wp\/v2\/comments?post=54"}],"version-history":[{"count":46,"href":"https:\/\/homeswimhome.fr\/index.php\/wp-json\/wp\/v2\/pages\/54\/revisions"}],"predecessor-version":[{"id":1465,"href":"https:\/\/homeswimhome.fr\/index.php\/wp-json\/wp\/v2\/pages\/54\/revisions\/1465"}],"wp:attachment":[{"href":"https:\/\/homeswimhome.fr\/index.php\/wp-json\/wp\/v2\/media?parent=54"}],"curies":[{"name":"wp","href":"https:\/\/api.w.org\/{rel}","templated":true}]}}