{"id":2,"date":"2019-01-14T16:03:20","date_gmt":"2019-01-14T15:03:20","guid":{"rendered":"http:\/\/homeswimhome.fr\/?page_id=2"},"modified":"2022-06-02T16:21:47","modified_gmt":"2022-06-02T14:21:47","slug":"page-d-accueil","status":"publish","type":"page","link":"https:\/\/homeswimhome.fr\/index.php\/page-d-accueil\/","title":{"rendered":""},"content":{"rendered":"<p><span style=\"font-weight: 400;\">Home Swim Home est une micro entreprise cr\u00e9\u00e9e en 2019, proposant\u00a0<span style=\"color: #00a19e;\"><strong>diverses prestations de services<\/strong><\/span> dans <span style=\"color: #00a19e;\"><strong>les piscines<\/strong><\/span> appartenant \u00e0 des particuliers.<\/span><\/p>\n<p style=\"text-align: center;\">\u00a0<\/p>\n<p style=\"text-align: center;\"><span style=\"color: #00a19e;\"><strong>Cours de Natation<\/strong> <\/span>: D\u00e9couverte du milieu aquatique, apprentissage et perfectionnement.<\/p>\n<p style=\"text-align: center;\"><span style=\"color: #00a19e;\"><strong>Animations de f\u00eates d&#8217;anniversaires et d\u2019\u00e9v\u00e9nements<\/strong><\/span> en tout genre autour de votre piscine.<\/p>\n<p style=\"text-align: center;\"><span style=\"color: #00a19e;\"><strong>Swim Safe l&#8217;aisance aquatique un jeu d&#8217;enfant &#8211; <\/strong><\/span>Le 1er jeu de cartes cr\u00e9\u00e9 par Home Swim Home qui aide les enfants \u00e0 \u00eatre plus autonome dans l&#8217;eau d\u00e8s le plus jeune \u00e2ge.<\/p>\n<p style=\"text-align: center;\">\u00a0<\/p>\n<p style=\"text-align: center;\">\u00a0\u00a0<span style=\"font-weight: 400;\">Capable de s\u2019adapter et disposant de mat\u00e9riels divers et vari\u00e9s, il est possible de tout imaginer dans votre piscine \u2026 et <span style=\"color: #00a19e;\"><strong>Home Swim Home<\/strong><\/span> est l\u00e0 pour le r\u00e9aliser !<\/span><\/p>\n<p>\u00a0<\/p>\n<p style=\"text-align: center;\"><span style=\"color: #666666; font-size: 22px; font-style: italic;\">Home Swim Home &#8211; Votre piscine autrement !<\/span><\/p>\n\n\n<p><\/p>\n","protected":false},"excerpt":{"rendered":"<p>Home Swim Home est une micro entreprise cr\u00e9\u00e9e en 2019, proposant\u00a0diverses prestations de services dans les piscines appartenant \u00e0 des particuliers. \u00a0 Cours de Natation : D\u00e9couverte du milieu aquatique, apprentissage et perfectionnement. Animations de f\u00eates d&#8217;anniversaires et d\u2019\u00e9v\u00e9nements en tout genre autour de votre piscine. Swim Safe l&#8217;aisance aquatique un jeu d&#8217;enfant &#8211; Le &hellip; <a href=\"https:\/\/homeswimhome.fr\/index.php\/page-d-accueil\/\" class=\"more-link\">Continue reading <span class=\"screen-reader-text\"><\/span><\/a><\/p>\n","protected":false},"author":1,"featured_media":0,"parent":0,"menu_order":0,"comment_status":"closed","ping_status":"open","template":"","meta":[],"yoast_head":"<!-- This site is optimized with the Yoast SEO plugin v15.9.2 - https:\/\/yoast.com\/wordpress\/plugins\/seo\/ -->\n<title>Home Swim home votre piscine autrement !<\/title>\n<meta name=\"description\" content=\"Cours de Natation, f\u00eate d&#039;anniversaire, remise en forme, location de piscines, Home Swim Home est pr\u00e9sent \u00e0 Bordeaux Caud\u00e9ran, Eysines, Le Bouscat\" \/>\n<meta name=\"robots\" content=\"index, follow, max-snippet:-1, max-image-preview:large, max-video-preview:-1\" \/>\n<link rel=\"canonical\" href=\"https:\/\/homeswimhome.fr\/index.php\/page-d-accueil\/\" \/>\n<meta property=\"og:locale\" content=\"en_US\" \/>\n<meta property=\"og:type\" content=\"article\" \/>\n<meta property=\"og:title\" content=\"Home Swim home votre piscine autrement !\" \/>\n<meta property=\"og:description\" content=\"Cours de Natation, f\u00eate d&#039;anniversaire, remise en forme, location de piscines, Home Swim Home est pr\u00e9sent \u00e0 Bordeaux Caud\u00e9ran, Eysines, Le Bouscat\" \/>\n<meta property=\"og:url\" content=\"https:\/\/homeswimhome.fr\/index.php\/page-d-accueil\/\" \/>\n<meta property=\"article:publisher\" content=\"https:\/\/www.facebook.com\/Home-Swim-Home-858633991178128\/\" \/>\n<meta property=\"article:modified_time\" content=\"2022-06-02T14:21:47+00:00\" \/>\n<meta name=\"twitter:card\" content=\"summary_large_image\" \/>\n<meta name=\"twitter:label1\" content=\"Est. reading time\">\n\t<meta name=\"twitter:data1\" content=\"1 minute\">\n<script type=\"application\/ld+json\" class=\"yoast-schema-graph\">{\"@context\":\"https:\/\/schema.org\",\"@graph\":[{\"@type\":\"Organization\",\"@id\":\"https:\/\/homeswimhome.fr\/#organization\",\"name\":\"home swim home\",\"url\":\"https:\/\/homeswimhome.fr\/\",\"sameAs\":[\"https:\/\/www.facebook.com\/Home-Swim-Home-858633991178128\/\",\"https:\/\/www.instagram.com\/home_swim_home\/\"],\"logo\":{\"@type\":\"ImageObject\",\"@id\":\"https:\/\/homeswimhome.fr\/#logo\",\"inLanguage\":\"en-US\",\"url\":\"https:\/\/homeswimhome.fr\/wp-content\/uploads\/2019\/03\/logHSH_JPEGPlan-de-travail-1_Plan-de-travail-1-1.jpg\",\"width\":1772,\"height\":1474,\"caption\":\"home swim home\"},\"image\":{\"@id\":\"https:\/\/homeswimhome.fr\/#logo\"}},{\"@type\":\"WebSite\",\"@id\":\"https:\/\/homeswimhome.fr\/#website\",\"url\":\"https:\/\/homeswimhome.fr\/\",\"name\":\"\",\"description\":\"\",\"publisher\":{\"@id\":\"https:\/\/homeswimhome.fr\/#organization\"},\"potentialAction\":[{\"@type\":\"SearchAction\",\"target\":\"https:\/\/homeswimhome.fr\/?s={search_term_string}\",\"query-input\":\"required name=search_term_string\"}],\"inLanguage\":\"en-US\"},{\"@type\":\"WebPage\",\"@id\":\"https:\/\/homeswimhome.fr\/index.php\/page-d-accueil\/#webpage\",\"url\":\"https:\/\/homeswimhome.fr\/index.php\/page-d-accueil\/\",\"name\":\"Home Swim home votre piscine autrement !\",\"isPartOf\":{\"@id\":\"https:\/\/homeswimhome.fr\/#website\"},\"datePublished\":\"2019-01-14T15:03:20+00:00\",\"dateModified\":\"2022-06-02T14:21:47+00:00\",\"description\":\"Cours de Natation, f\\u00eate d'anniversaire, remise en forme, location de piscines, Home Swim Home est pr\\u00e9sent \\u00e0 Bordeaux Caud\\u00e9ran, Eysines, Le Bouscat\",\"breadcrumb\":{\"@id\":\"https:\/\/homeswimhome.fr\/index.php\/page-d-accueil\/#breadcrumb\"},\"inLanguage\":\"en-US\",\"potentialAction\":[{\"@type\":\"ReadAction\",\"target\":[\"https:\/\/homeswimhome.fr\/index.php\/page-d-accueil\/\"]}]},{\"@type\":\"BreadcrumbList\",\"@id\":\"https:\/\/homeswimhome.fr\/index.php\/page-d-accueil\/#breadcrumb\",\"itemListElement\":[{\"@type\":\"ListItem\",\"position\":1,\"item\":{\"@type\":\"WebPage\",\"@id\":\"https:\/\/homeswimhome.fr\/\",\"url\":\"https:\/\/homeswimhome.fr\/\",\"name\":\"Home\"}},{\"@type\":\"ListItem\",\"position\":2,\"item\":{\"@type\":\"WebPage\",\"@id\":\"https:\/\/homeswimhome.fr\/index.php\/page-d-accueil\/\",\"url\":\"https:\/\/homeswimhome.fr\/index.php\/page-d-accueil\/\",\"name\":\"Home Swim home votre piscine autrement !\"}}]}]}<\/script>\n<!-- \/ Yoast SEO plugin. -->","_links":{"self":[{"href":"https:\/\/homeswimhome.fr\/index.php\/wp-json\/wp\/v2\/pages\/2"}],"collection":[{"href":"https:\/\/homeswimhome.fr\/index.php\/wp-json\/wp\/v2\/pages"}],"about":[{"href":"https:\/\/homeswimhome.fr\/index.php\/wp-json\/wp\/v2\/types\/page"}],"author":[{"embeddable":true,"href":"https:\/\/homeswimhome.fr\/index.php\/wp-json\/wp\/v2\/users\/1"}],"replies":[{"embeddable":true,"href":"https:\/\/homeswimhome.fr\/index.php\/wp-json\/wp\/v2\/comments?post=2"}],"version-history":[{"count":21,"href":"https:\/\/homeswimhome.fr\/index.php\/wp-json\/wp\/v2\/pages\/2\/revisions"}],"predecessor-version":[{"id":1371,"href":"https:\/\/homeswimhome.fr\/index.php\/wp-json\/wp\/v2\/pages\/2\/revisions\/1371"}],"wp:attachment":[{"href":"https:\/\/homeswimhome.fr\/index.php\/wp-json\/wp\/v2\/media?parent=2"}],"curies":[{"name":"wp","href":"https:\/\/api.w.org\/{rel}","templated":true}]}}