{"id":1234,"date":"2020-02-20T16:48:34","date_gmt":"2020-02-20T15:48:34","guid":{"rendered":"http:\/\/homeswimhome.fr\/?page_id=1234"},"modified":"2021-01-11T13:35:11","modified_gmt":"2021-01-11T12:35:11","slug":"blog","status":"publish","type":"page","link":"https:\/\/homeswimhome.fr\/index.php\/blog\/","title":{"rendered":"Blog"},"content":{"rendered":"\n<p><font style=\"vertical-align: inherit;\"><font style=\"vertical-align: inherit;\">R<\/font><\/font>etrouvez quelques articles autour de la piscine ! Bonne lecture &#8230;<\/p>\n\n\n\n<p>liste des articles :<\/p>\n\n\n\n<ul><li><font style=\"vertical-align: inherit;\"><font style=\"vertical-align: inherit;\">Une piscine, mais pour quoi faire?<\/font><\/font><\/li><li><font style=\"vertical-align: inherit;\"><font style=\"vertical-align: inherit;\">Assurer une bonne s\u00e9curit\u00e9 autour de votre piscine (prochainement)<\/font><\/font><\/li><li><font style=\"vertical-align: inherit;\"><font style=\"vertical-align: inherit;\">L&#8217;activit\u00e9 physique dans ma piscine, simple et efficace (prochainement)<\/font><\/font><\/li><\/ul>\n\n\n\n<p><\/p>\n\n\n\n<h3>Une piscine, mais pour quoi faire ? <\/h3>\n\n\n\n<p>Vous avez le projet d\u2019installer une piscine chez vous, de nos jours il existe plusieurs options pour satisfaire cette envie, c\u2019est ce que je vais essayer de vous expliquer dans cet article.&nbsp;<br><\/p>\n\n\n\n<p>Plage, rivi\u00e8re, plan d\u2019eau, piscines municipales, priv\u00e9es ou piscines personnelles, il y a une multitude de choix pour vous rafra\u00eechir durant l\u2019\u00e9t\u00e9. Nous allons nous attarder plus particuli\u00e8rement aux piscines personnelles. Je ne vais pas vous donner les solutions \u00e0 votre projet, chaque projet \u00e9tant tr\u00e8s personnel. Cet article est l\u00e0 pour vous permettre de vous poser les bonnes questions avant de vous lancer !&nbsp;<br><\/p>\n\n\n\n<p>Une des tendance actuelle est d\u2019avoir une piscine. Aujourd\u2019hui il existe une multitude de fa\u00e7on de s\u2019\u00e9quiper d\u2019une piscine. Avant de se procurer cet \u00e9quipement, il est important de se poser les bonnes questions :&nbsp;<br><\/p>\n\n\n\n<h4><strong>Quels types de piscines ?&nbsp;<\/strong><\/h4>\n\n\n\n<ul><li>Une piscine hors sol : le premier pas vers une piscine chez soi !<\/li><li>Une coque polyester : la rapidit\u00e9 d\u2019installation<\/li><li>Les panneaux industrialis\u00e9s : Une piscine modulable \u00e0 construire soit m\u00eame<\/li><li>Le b\u00e9ton : La piscine sur mesure et construite par des professionnels&nbsp;<\/li><\/ul>\n\n\n\n<p>Home Swim Home s\u2019adapte \u00e0 toutes les piscines pour ces diff\u00e9rentes prestations.<br><\/p>\n\n\n\n<h4><strong>O\u00f9 implanter ma piscine ?<\/strong><\/h4>\n\n\n\n<ul><li><font style=\"vertical-align: inherit;\"><font style=\"vertical-align: inherit;\">Votre piscine est un prolongement de votre habitation, comme une extension. Elle doit s&#8217;int\u00e9grer \u00e0 l&#8217;environnement de votre propri\u00e9t\u00e9<\/font><\/font><\/li><li><font style=\"vertical-align: inherit;\"><font style=\"vertical-align: inherit;\">L&#8217;exposition de votre future piscine par rapport \u00e0 l&#8217;ensoleillement dont vous disposez sera primordial<\/font><\/font><\/li><li><font style=\"vertical-align: inherit;\"><font style=\"vertical-align: inherit;\">Votre piscine sera t elle \u00e0 l&#8217;abri des regards indiscrets?<\/font><\/font><\/li><li><font style=\"vertical-align: inherit;\"><font style=\"vertical-align: inherit;\">Privil\u00e9giez un emplacement \u00e9loign\u00e9 des arbres pour \u00e9viter que votre piscine se salisse rapidement<\/font><\/font><\/li><li><font style=\"vertical-align: inherit;\"><font style=\"vertical-align: inherit;\">Sera t elle \u00e0 proximit\u00e9 du lieu de vie pour faciliter la surveillance?<\/font><\/font><\/li><\/ul>\n\n\n\n<p>Vous habitez sur le secteur de Bordeaux, quartiers caud\u00e9ran, Saint Augustin ou cit\u00e9 administrative, sur M\u00e9rignac, Le Bouscat, Eysines, n\u2019h\u00e9sitez pas \u00e0 contacter Fabien de Home Swim Home pour \u00e9changer sur les diverses prestations d\u2019animation, de cours de natation etc.&nbsp;&nbsp;<\/p>\n\n\n\n<h4><strong>Une piscine pour quel usage ?<\/strong><\/h4>\n\n\n\n<p>Avant de vous lancer t\u00eate baiss\u00e9e dans la r\u00e9alisation de votre projet, vous devez vous posez quelques questions. Quel sera l\u2019usage de votre future piscine ?&nbsp;<br><\/p>\n\n\n\n<p>Ci dessous quelques pistes pour vous permettre de prendre la bonne d\u00e9cision sur la dimension du bassin, les \u00e9quipements, etc&nbsp; :<br><\/p>\n\n\n\n<ul><li>Une piscine pour la famille avec variation de la profondeur pour que tout le monde puisse s\u2019amuser ?<\/li><li>Une piscine pour faire du sport ? nage \u00e0 contre courant, couloir de nage, aquabike, fixation pour stand up paddle<\/li><li>Une piscine pour se d\u00e9tendre ? option spa, buses de massage, \u00e9clairage de diff\u00e9rentes couleurs,&nbsp;<\/li><li>Une piscine pour mieux louer votre maison ? Avec la location de biens immobiliers entre particuliers, votre piscine vous permettra de vous diff\u00e9rencier de la concurrence \u00e0 coup s\u00fbr<\/li><\/ul>\n\n\n\n<p>Ensemble construisons le projet d\u2019animation, de remise en forme ou de surveillance avec Home Swim Home<br><\/p>\n\n\n\n<h4><strong>Quel \u00e9quipement pour votre piscine ?<\/strong><\/h4>\n\n\n\n<p>Il existe de nombreux \u00e9quipements \u00e0 ajouter \u00e0 votre piscine pour prolonger le bonheur de vos baignades en famille ou entre amis :<br><\/p>\n\n\n\n<ul><li>Avez vous pr\u00e9vu un syst\u00e8me pour couvrir votre piscine ? De nombreux syst\u00e8mes sont aujourd\u2019hui possibles comme le volet roulant, hors sol ou immerg\u00e9 selon votre budget<\/li><li>Les abris : Un toit qui agit comme une serre.<\/li><li>Le chauffage : la pompe \u00e0 chaleur, le r\u00e9chauffeur \u00e9lectrique, l\u2019\u00e9changeur thermique ou le chauffage solaire, parlez en \u00e0 votre constructeur ou dans votre magasin sp\u00e9cialis\u00e9 dans les piscines.<\/li><li>Le nettoyage de la piscine : De nombreux robots et \u00e9quipements divers vous permettent de passer moins de temps \u00e0 l\u2019entretien de votre piscine<\/li><li>Equipement de sport : Une multitude d\u2019options s\u2019offrent \u00e0 vous : renforcement musculaire, circuit training, aquabike, etc.<\/li><li>Se d\u00e9tendre dans la piscine ? Pour cela vous avez le choix d\u2019opter pour de nombreux jets de baln\u00e9oth\u00e9rapie.<\/li><li>Et la nuit ? Concevoir un \u00e9clairage est important pour profiter des soir\u00e9es chaudes de l\u2019\u00e9t\u00e9 au bord de la piscine.<\/li><\/ul>\n\n\n\n<h4><strong>Choisir un bon professionnel<\/strong><\/h4>\n\n\n\n<p>Avant de vous lancer dans votre projet \u201cpiscine\u201d, r\u00e9fl\u00e9chissez bien \u00e0 ce que vous souhaitez et n\u2019h\u00e9sitez pas \u00e0 vous rendre dans les magasins sp\u00e9cialis\u00e9s qui ont pignon sur rue.&nbsp;<br><\/p>\n\n\n\n<p>En voici quelques uns aux alentours de Bordeaux \/ Esyines \/ M\u00e9rignac :<br><\/p>\n\n\n\n<p><strong><a rel=\"noreferrer noopener\" aria-label=\"Irrijardin Eysines (opens in a new tab)\" href=\"https:\/\/www.irrijardin.fr\/magasins\/sud-ouest\/eysines\/\" target=\"_blank\">Irrijardin Eysines<\/a><\/strong> 99 avenue de Saint M\u00e9dard 33320 Eysines<br><strong><a href=\"https:\/\/bordeaux-eysines.cash-piscines.com\/\">Cash Piscines<\/a> <\/strong>229 avenue de Saint M\u00e9dard 33320 Eysines          <\/p>\n\n\n\n<p><strong><a href=\"http:\/\/www.aqua-and-co.fr\/\">Aqua and Co<\/a> <\/strong>: 206 Avenue de Saint M\u00e9dard 33320 Eysines<\/p>\n\n\n\n<p><strong><a href=\"https:\/\/www.agretec.fr\/\">Agretec Piscines<\/a><\/strong> 68 Rue Jules Ferry 33200 Bordeaux<\/p>\n\n\n\n<p><strong><a href=\"https:\/\/www.piscine-zyke.com\/content\/12-magasin-merignac\">Piscine Zyke<\/a><\/strong> Avenue de l\u2019Argonne 33700 M\u00e9rignac<\/p>\n\n\n\n<p><\/p>\n\n\n\n<p>Si cet article vous a plu et si vous souhaitez conna\u00eetre toutes les prestations propos\u00e9es par <strong>Home Swim Home<\/strong>, rendez vous dans les diff\u00e9rentes rubriques du site internet !&nbsp;<br><\/p>\n\n\n\n<p>Suivez nous \u00e9galement sur instagram home_swim_home et sur facebook Home Swim Home.&nbsp;<br><\/p>\n","protected":false},"excerpt":{"rendered":"<p>Retrouvez quelques articles autour de la piscine ! Bonne lecture &#8230; liste des articles : Une piscine, mais pour quoi faire? Assurer une bonne s\u00e9curit\u00e9 autour de votre piscine (prochainement) L&#8217;activit\u00e9 physique dans ma piscine, simple et efficace (prochainement) Une piscine, mais pour quoi faire ? Vous avez le projet d\u2019installer une piscine chez vous, &hellip; <a href=\"https:\/\/homeswimhome.fr\/index.php\/blog\/\" class=\"more-link\">Continue reading <span class=\"screen-reader-text\">Blog<\/span><\/a><\/p>\n","protected":false},"author":1,"featured_media":0,"parent":0,"menu_order":0,"comment_status":"closed","ping_status":"closed","template":"","meta":[],"yoast_head":"<!-- This site is optimized with the Yoast SEO plugin v15.9.2 - https:\/\/yoast.com\/wordpress\/plugins\/seo\/ -->\n<title>Blog -<\/title>\n<meta name=\"description\" content=\"Articles sur les piscines, la s\u00e9curit\u00e9, l&#039;activit\u00e9 physique \u00e0 faire en piscine ou comment organiser une belle f\u00eate autour de sa piscine.\" \/>\n<meta name=\"robots\" content=\"index, follow, max-snippet:-1, max-image-preview:large, max-video-preview:-1\" \/>\n<link rel=\"canonical\" href=\"https:\/\/homeswimhome.fr\/index.php\/blog\/\" \/>\n<meta property=\"og:locale\" content=\"en_US\" \/>\n<meta property=\"og:type\" content=\"article\" \/>\n<meta property=\"og:title\" content=\"Blog -\" \/>\n<meta property=\"og:description\" content=\"Articles sur les piscines, la s\u00e9curit\u00e9, l&#039;activit\u00e9 physique \u00e0 faire en piscine ou comment organiser une belle f\u00eate autour de sa piscine.\" \/>\n<meta property=\"og:url\" content=\"https:\/\/homeswimhome.fr\/index.php\/blog\/\" \/>\n<meta property=\"article:publisher\" content=\"https:\/\/www.facebook.com\/Home-Swim-Home-858633991178128\/\" \/>\n<meta property=\"article:modified_time\" content=\"2021-01-11T12:35:11+00:00\" \/>\n<meta name=\"twitter:card\" content=\"summary_large_image\" \/>\n<meta name=\"twitter:label1\" content=\"Est. reading time\">\n\t<meta name=\"twitter:data1\" content=\"4 minutes\">\n<script type=\"application\/ld+json\" class=\"yoast-schema-graph\">{\"@context\":\"https:\/\/schema.org\",\"@graph\":[{\"@type\":\"Organization\",\"@id\":\"https:\/\/homeswimhome.fr\/#organization\",\"name\":\"home swim home\",\"url\":\"https:\/\/homeswimhome.fr\/\",\"sameAs\":[\"https:\/\/www.facebook.com\/Home-Swim-Home-858633991178128\/\",\"https:\/\/www.instagram.com\/home_swim_home\/\"],\"logo\":{\"@type\":\"ImageObject\",\"@id\":\"https:\/\/homeswimhome.fr\/#logo\",\"inLanguage\":\"en-US\",\"url\":\"https:\/\/homeswimhome.fr\/wp-content\/uploads\/2019\/03\/logHSH_JPEGPlan-de-travail-1_Plan-de-travail-1-1.jpg\",\"width\":1772,\"height\":1474,\"caption\":\"home swim home\"},\"image\":{\"@id\":\"https:\/\/homeswimhome.fr\/#logo\"}},{\"@type\":\"WebSite\",\"@id\":\"https:\/\/homeswimhome.fr\/#website\",\"url\":\"https:\/\/homeswimhome.fr\/\",\"name\":\"\",\"description\":\"\",\"publisher\":{\"@id\":\"https:\/\/homeswimhome.fr\/#organization\"},\"potentialAction\":[{\"@type\":\"SearchAction\",\"target\":\"https:\/\/homeswimhome.fr\/?s={search_term_string}\",\"query-input\":\"required name=search_term_string\"}],\"inLanguage\":\"en-US\"},{\"@type\":\"WebPage\",\"@id\":\"https:\/\/homeswimhome.fr\/index.php\/blog\/#webpage\",\"url\":\"https:\/\/homeswimhome.fr\/index.php\/blog\/\",\"name\":\"Blog -\",\"isPartOf\":{\"@id\":\"https:\/\/homeswimhome.fr\/#website\"},\"datePublished\":\"2020-02-20T15:48:34+00:00\",\"dateModified\":\"2021-01-11T12:35:11+00:00\",\"description\":\"Articles sur les piscines, la s\\u00e9curit\\u00e9, l'activit\\u00e9 physique \\u00e0 faire en piscine ou comment organiser une belle f\\u00eate autour de sa piscine.\",\"breadcrumb\":{\"@id\":\"https:\/\/homeswimhome.fr\/index.php\/blog\/#breadcrumb\"},\"inLanguage\":\"en-US\",\"potentialAction\":[{\"@type\":\"ReadAction\",\"target\":[\"https:\/\/homeswimhome.fr\/index.php\/blog\/\"]}]},{\"@type\":\"BreadcrumbList\",\"@id\":\"https:\/\/homeswimhome.fr\/index.php\/blog\/#breadcrumb\",\"itemListElement\":[{\"@type\":\"ListItem\",\"position\":1,\"item\":{\"@type\":\"WebPage\",\"@id\":\"https:\/\/homeswimhome.fr\/\",\"url\":\"https:\/\/homeswimhome.fr\/\",\"name\":\"Home\"}},{\"@type\":\"ListItem\",\"position\":2,\"item\":{\"@type\":\"WebPage\",\"@id\":\"https:\/\/homeswimhome.fr\/index.php\/blog\/\",\"url\":\"https:\/\/homeswimhome.fr\/index.php\/blog\/\",\"name\":\"Blog\"}}]}]}<\/script>\n<!-- \/ Yoast SEO plugin. -->","_links":{"self":[{"href":"https:\/\/homeswimhome.fr\/index.php\/wp-json\/wp\/v2\/pages\/1234"}],"collection":[{"href":"https:\/\/homeswimhome.fr\/index.php\/wp-json\/wp\/v2\/pages"}],"about":[{"href":"https:\/\/homeswimhome.fr\/index.php\/wp-json\/wp\/v2\/types\/page"}],"author":[{"embeddable":true,"href":"https:\/\/homeswimhome.fr\/index.php\/wp-json\/wp\/v2\/users\/1"}],"replies":[{"embeddable":true,"href":"https:\/\/homeswimhome.fr\/index.php\/wp-json\/wp\/v2\/comments?post=1234"}],"version-history":[{"count":9,"href":"https:\/\/homeswimhome.fr\/index.php\/wp-json\/wp\/v2\/pages\/1234\/revisions"}],"predecessor-version":[{"id":1250,"href":"https:\/\/homeswimhome.fr\/index.php\/wp-json\/wp\/v2\/pages\/1234\/revisions\/1250"}],"wp:attachment":[{"href":"https:\/\/homeswimhome.fr\/index.php\/wp-json\/wp\/v2\/media?parent=1234"}],"curies":[{"name":"wp","href":"https:\/\/api.w.org\/{rel}","templated":true}]}}